{"id":2280,"date":"2025-01-17T12:46:29","date_gmt":"2025-01-17T12:46:29","guid":{"rendered":"https:\/\/andreeanadal.com\/?page_id=2280"},"modified":"2026-01-19T15:51:12","modified_gmt":"2026-01-19T15:51:12","slug":"about-2","status":"publish","type":"page","link":"https:\/\/andreeanadal.com\/es\/about-2\/","title":{"rendered":"SOBRE MI"},"content":{"rendered":"<div data-elementor-type=\"wp-page\" data-elementor-id=\"2280\" class=\"elementor elementor-2280\" data-elementor-post-type=\"page\">\n\t\t\t\t<div class=\"elementor-element elementor-element-05f821f e-con-full e-flex elementor-invisible e-con e-parent\" data-id=\"05f821f\" data-element_type=\"container\" data-settings=\"{&quot;animation&quot;:&quot;fadeIn&quot;}\">\n\t\t<div class=\"elementor-element elementor-element-8320424 e-con-full e-flex e-con e-child\" data-id=\"8320424\" data-element_type=\"container\">\n\t\t\t\t<div class=\"elementor-element elementor-element-6d2a49d elementor-widget elementor-widget-heading\" data-id=\"6d2a49d\" data-element_type=\"widget\" data-widget_type=\"heading.default\">\n\t\t\t\t<div class=\"elementor-widget-container\">\n\t\t\t<h2 class=\"elementor-heading-title elementor-size-default\">EDUCACI\u00d3N<\/h2>\t\t<\/div>\n\t\t\t\t<\/div>\n\t\t\t\t<div class=\"elementor-element elementor-element-06a66a5 elementor-widget elementor-widget-text-editor\" data-id=\"06a66a5\" data-element_type=\"widget\" data-widget_type=\"text-editor.default\">\n\t\t\t\t<div class=\"elementor-widget-container\">\n\t\t\t\t\t\t\t<p>2022-2026 Degree of Graphic Design in <strong>Barreira Arte&amp;Dise\u00f1o<\/strong>-Val\u00e8ncia<\/p><p>2025-2026 Intership in Fundaci\u00f3 del Disseny de la Comunitat Valenciana.<\/p>\t\t\t\t\t\t<\/div>\n\t\t\t\t<\/div>\n\t\t\t\t<\/div>\n\t\t<div class=\"elementor-element elementor-element-55e6401 e-con-full e-flex e-con e-child\" data-id=\"55e6401\" data-element_type=\"container\">\n\t\t\t\t<div class=\"elementor-element elementor-element-adff4fe elementor-widget-mobile__width-initial elementor-widget elementor-widget-heading\" data-id=\"adff4fe\" data-element_type=\"widget\" data-widget_type=\"heading.default\">\n\t\t\t\t<div class=\"elementor-widget-container\">\n\t\t\t<h2 class=\"elementor-heading-title elementor-size-default\">EXPERIENCIA<\/h2>\t\t<\/div>\n\t\t\t\t<\/div>\n\t\t\t\t<div class=\"elementor-element elementor-element-3215e2d elementor-widget elementor-widget-text-editor\" data-id=\"3215e2d\" data-element_type=\"widget\" data-widget_type=\"text-editor.default\">\n\t\t\t\t<div class=\"elementor-widget-container\">\n\t\t\t\t\t\t\t<p>Workshop Dise\u00f1o: Europa Mixed Cup en <strong>VASAVA ESTUDIO<\/strong>-Barcelona.<\/p><p>Workshop Dise\u00f1o: Ex-Machina: Re-Imagen Dise\u00f1o en la IA en<strong> IAAD<\/strong>IAAD-Turin.<\/p><p>Dise\u00f1o y manejo de intagram de un club de baloncesto<\/p>\t\t\t\t\t\t<\/div>\n\t\t\t\t<\/div>\n\t\t\t\t<\/div>\n\t\t<div class=\"elementor-element elementor-element-0c72aa8 e-con-full e-flex e-con e-child\" data-id=\"0c72aa8\" data-element_type=\"container\">\n\t\t\t\t<div class=\"elementor-element elementor-element-20191da elementor-widget elementor-widget-heading\" data-id=\"20191da\" data-element_type=\"widget\" data-widget_type=\"heading.default\">\n\t\t\t\t<div class=\"elementor-widget-container\">\n\t\t\t<h2 class=\"elementor-heading-title elementor-size-default\">HABILIDADES<\/h2>\t\t<\/div>\n\t\t\t\t<\/div>\n\t\t\t\t<div class=\"elementor-element elementor-element-96ad902 elementor-widget elementor-widget-text-editor\" data-id=\"96ad902\" data-element_type=\"widget\" data-widget_type=\"text-editor.default\">\n\t\t\t\t<div class=\"elementor-widget-container\">\n\t\t\t\t\t\t\t<p>Adobe package<\/p><p>Premier Pro<\/p><p>After Effects<\/p><p>WordPress<\/p><p>Figma<\/p><p>Blender<\/p>\t\t\t\t\t\t<\/div>\n\t\t\t\t<\/div>\n\t\t\t\t<\/div>\n\t\t\t\t<\/div>\n\t\t\t\t<\/div>","protected":false},"excerpt":{"rendered":"<p>EDUCATION 2022-2026 Degree of Graphic Design in Barreira Arte&amp;Dise\u00f1o-Val\u00e8ncia 2025-2026 Intership in Fundaci\u00f3 del Disseny de la Comunitat Valenciana. EXPERIENCE Design Workshop: Europa Mixed Cup in VASAVA STUDIO-Barcelona. Design Workshop: Ex-Machina: Re-imagine Design in the AI Era in IAAD-Torino. Design and manage a sport club&#8217;s Instagram. SKILLS Adobe package Premier Pro After Effects WordPress Figma [&hellip;]<\/p>","protected":false},"author":1,"featured_media":0,"parent":0,"menu_order":0,"comment_status":"closed","ping_status":"closed","template":"elementor_canvas","meta":{"footnotes":""},"class_list":["post-2280","page","type-page","status-publish","hentry"],"_links":{"self":[{"href":"https:\/\/andreeanadal.com\/es\/wp-json\/wp\/v2\/pages\/2280","targetHints":{"allow":["GET"]}}],"collection":[{"href":"https:\/\/andreeanadal.com\/es\/wp-json\/wp\/v2\/pages"}],"about":[{"href":"https:\/\/andreeanadal.com\/es\/wp-json\/wp\/v2\/types\/page"}],"author":[{"embeddable":true,"href":"https:\/\/andreeanadal.com\/es\/wp-json\/wp\/v2\/users\/1"}],"replies":[{"embeddable":true,"href":"https:\/\/andreeanadal.com\/es\/wp-json\/wp\/v2\/comments?post=2280"}],"version-history":[{"count":194,"href":"https:\/\/andreeanadal.com\/es\/wp-json\/wp\/v2\/pages\/2280\/revisions"}],"predecessor-version":[{"id":3415,"href":"https:\/\/andreeanadal.com\/es\/wp-json\/wp\/v2\/pages\/2280\/revisions\/3415"}],"wp:attachment":[{"href":"https:\/\/andreeanadal.com\/es\/wp-json\/wp\/v2\/media?parent=2280"}],"curies":[{"name":"wp","href":"https:\/\/api.w.org\/{rel}","templated":true}]}}